{"id":13246,"date":"2025-05-27T12:01:03","date_gmt":"2025-05-27T18:01:03","guid":{"rendered":"https:\/\/visitingangels.com.mx\/san-angel-cdmx-sur\/?page_id=13246"},"modified":"2025-06-25T17:00:04","modified_gmt":"2025-06-25T23:00:04","slug":"bolsa-de-trabajo","status":"publish","type":"page","link":"https:\/\/visitingangels.com.mx\/queretaro\/bolsa-de-trabajo\/","title":{"rendered":"Bolsa de Trabajo"},"content":{"rendered":"<div class=\"fusion-fullwidth fullwidth-box fusion-builder-row-1 fusion-flex-container has-pattern-background has-mask-background nonhundred-percent-fullwidth non-hundred-percent-height-scrolling fusion-custom-z-index\" style=\"--link_color: var(--awb-color5);--awb-border-radius-top-left:0px;--awb-border-radius-top-right:0px;--awb-border-radius-bottom-right:0px;--awb-border-radius-bottom-left:0px;--awb-z-index:999;--awb-padding-top:60px;--awb-padding-bottom:8%;--awb-margin-top:0px;--awb-margin-bottom:0px;--awb-background-image:radial-gradient(circle at right bottom, #f0f6f7 48%,#ffffff 25%);--awb-flex-wrap:wrap;\" ><div class=\"fusion-builder-row fusion-row fusion-flex-align-items-flex-start fusion-flex-justify-content-space-around fusion-flex-content-wrap\" style=\"max-width:1310.4px;margin-left: calc(-4% \/ 2 );margin-right: calc(-4% \/ 2 );\"><div class=\"fusion-layout-column fusion_builder_column fusion-builder-column-0 fusion_builder_column_1_2 1_2 fusion-flex-column fusion-flex-align-self-center\" style=\"--awb-padding-right:4%;--awb-padding-left:4%;--awb-bg-size:cover;--awb-width-large:50%;--awb-margin-top-large:8%;--awb-spacing-right-large:3.84%;--awb-margin-bottom-large:0px;--awb-spacing-left-large:3.84%;--awb-width-medium:50%;--awb-order-medium:0;--awb-spacing-right-medium:3.84%;--awb-spacing-left-medium:3.84%;--awb-width-small:100%;--awb-order-small:0;--awb-spacing-right-small:1.92%;--awb-spacing-left-small:1.92%;\" data-scroll-devices=\"small-visibility,medium-visibility,large-visibility\"><div class=\"fusion-column-wrapper fusion-column-has-shadow fusion-flex-justify-content-flex-start fusion-content-layout-column\"><div class=\"fusion-image-element fusion-no-small-visibility\" style=\"text-align:center;--awb-mask-url: url(https:\/\/visitingangels.com.mx\/queretaro\/wp-content\/plugins\/fusion-builder\/\/assets\/images\/masks\/mask-10.svg);--awb-mask-position: top center;--awb-margin-bottom:20px;--awb-max-width:450px;--awb-caption-title-font-family:var(--h2_typography-font-family);--awb-caption-title-font-weight:var(--h2_typography-font-weight);--awb-caption-title-font-style:var(--h2_typography-font-style);--awb-caption-title-size:var(--h2_typography-font-size);--awb-caption-title-transform:var(--h2_typography-text-transform);--awb-caption-title-line-height:var(--h2_typography-line-height);--awb-caption-title-letter-spacing:var(--h2_typography-letter-spacing);\"><span class=\" fusion-imageframe imageframe-none imageframe-1 hover-type-none has-mask\"><img loading=\"lazy\" decoding=\"async\" width=\"1706\" height=\"1458\" src=\"https:\/\/visitingangels.com.mx\/queretaro\/wp-content\/uploads\/sites\/39\/2025\/05\/Img-Bolsa-Trabajo.jpg\" alt class=\"img-responsive wp-image-13257\" srcset=\"https:\/\/visitingangels.com.mx\/queretaro\/wp-content\/uploads\/sites\/39\/2025\/05\/Img-Bolsa-Trabajo-200x171.jpg 200w, https:\/\/visitingangels.com.mx\/queretaro\/wp-content\/uploads\/sites\/39\/2025\/05\/Img-Bolsa-Trabajo-400x342.jpg 400w, https:\/\/visitingangels.com.mx\/queretaro\/wp-content\/uploads\/sites\/39\/2025\/05\/Img-Bolsa-Trabajo-600x513.jpg 600w, https:\/\/visitingangels.com.mx\/queretaro\/wp-content\/uploads\/sites\/39\/2025\/05\/Img-Bolsa-Trabajo-800x684.jpg 800w, https:\/\/visitingangels.com.mx\/queretaro\/wp-content\/uploads\/sites\/39\/2025\/05\/Img-Bolsa-Trabajo-1200x1026.jpg 1200w, https:\/\/visitingangels.com.mx\/queretaro\/wp-content\/uploads\/sites\/39\/2025\/05\/Img-Bolsa-Trabajo.jpg 1706w\" sizes=\"auto, (max-width: 640px) 100vw, 600px\" \/><\/span><\/div><div class=\"fusion-image-element fusion-no-medium-visibility fusion-no-large-visibility\" style=\"text-align:center;--awb-mask-url: url(https:\/\/visitingangels.com.mx\/queretaro\/wp-content\/plugins\/fusion-builder\/\/assets\/images\/masks\/mask-10.svg);--awb-mask-position: top center;--awb-margin-bottom:40px;--awb-max-width:300px;--awb-caption-title-font-family:var(--h2_typography-font-family);--awb-caption-title-font-weight:var(--h2_typography-font-weight);--awb-caption-title-font-style:var(--h2_typography-font-style);--awb-caption-title-size:var(--h2_typography-font-size);--awb-caption-title-transform:var(--h2_typography-text-transform);--awb-caption-title-line-height:var(--h2_typography-line-height);--awb-caption-title-letter-spacing:var(--h2_typography-letter-spacing);\"><span class=\" fusion-imageframe imageframe-none imageframe-2 hover-type-none has-mask\"><img loading=\"lazy\" decoding=\"async\" width=\"1706\" height=\"1458\" src=\"https:\/\/visitingangels.com.mx\/queretaro\/wp-content\/uploads\/sites\/39\/2025\/05\/Img-Bolsa-Trabajo.jpg\" alt class=\"img-responsive wp-image-13257\" srcset=\"https:\/\/visitingangels.com.mx\/queretaro\/wp-content\/uploads\/sites\/39\/2025\/05\/Img-Bolsa-Trabajo-200x171.jpg 200w, https:\/\/visitingangels.com.mx\/queretaro\/wp-content\/uploads\/sites\/39\/2025\/05\/Img-Bolsa-Trabajo-400x342.jpg 400w, https:\/\/visitingangels.com.mx\/queretaro\/wp-content\/uploads\/sites\/39\/2025\/05\/Img-Bolsa-Trabajo-600x513.jpg 600w, https:\/\/visitingangels.com.mx\/queretaro\/wp-content\/uploads\/sites\/39\/2025\/05\/Img-Bolsa-Trabajo-800x684.jpg 800w, https:\/\/visitingangels.com.mx\/queretaro\/wp-content\/uploads\/sites\/39\/2025\/05\/Img-Bolsa-Trabajo-1200x1026.jpg 1200w, https:\/\/visitingangels.com.mx\/queretaro\/wp-content\/uploads\/sites\/39\/2025\/05\/Img-Bolsa-Trabajo.jpg 1706w\" sizes=\"auto, (max-width: 640px) 100vw, 600px\" \/><\/span><\/div><\/div><\/div><div class=\"fusion-layout-column fusion_builder_column fusion-builder-column-1 fusion_builder_column_1_2 1_2 fusion-flex-column fusion-flex-align-self-center\" style=\"--awb-padding-top:30px;--awb-bg-size:cover;--awb-width-large:50%;--awb-margin-top-large:0px;--awb-spacing-right-large:3.84%;--awb-margin-bottom-large:0px;--awb-spacing-left-large:3.84%;--awb-width-medium:50%;--awb-order-medium:0;--awb-spacing-right-medium:3.84%;--awb-spacing-left-medium:3.84%;--awb-width-small:100%;--awb-order-small:0;--awb-spacing-right-small:1.92%;--awb-spacing-left-small:1.92%;\" data-scroll-devices=\"small-visibility,medium-visibility,large-visibility\"><div class=\"fusion-column-wrapper fusion-column-has-shadow fusion-flex-justify-content-center fusion-content-layout-column\"><div class=\"fusion-title title fusion-title-1 fusion-no-small-visibility fusion-sep-none fusion-title-text fusion-title-size-one\" style=\"--awb-text-color:var(--awb-custom10);--awb-margin-top:0px;--awb-margin-bottom:0px;--awb-margin-top-small:10px;--awb-margin-right-small:0px;--awb-margin-bottom-small:20px;--awb-margin-left-small:0px;--awb-font-size:var(--awb-typography1-font-size);\"><h1 class=\"fusion-title-heading title-heading-left sm-text-align-center fusion-responsive-typography-calculated\" style=\"font-family:&quot;Manrope&quot;;font-style:normal;font-weight:300;margin:0;letter-spacing:var(--awb-typography1-letter-spacing);text-transform:var(--awb-typography1-text-transform);font-size:1em;--fontSize:60;line-height:var(--awb-typography1-line-height);\"><p style=\"text-align: left;\">Trabaja con Nosotros,<br \/>\n<strong style=\"font-weight: bold;\">Bolsa de Trabajo.<\/strong><\/p><\/h1><\/div><div class=\"fusion-title title fusion-title-2 fusion-no-medium-visibility fusion-no-large-visibility fusion-sep-none fusion-title-text fusion-title-size-one\" style=\"--awb-text-color:var(--awb-custom10);--awb-margin-top:0px;--awb-margin-bottom:0px;--awb-margin-top-small:10px;--awb-margin-right-small:0px;--awb-margin-bottom-small:20px;--awb-margin-left-small:0px;--awb-font-size:45px;\"><h1 class=\"fusion-title-heading title-heading-right sm-text-align-center fusion-responsive-typography-calculated\" style=\"font-family:&quot;Manrope&quot;;font-style:normal;font-weight:300;margin:0;letter-spacing:var(--awb-typography1-letter-spacing);text-transform:var(--awb-typography1-text-transform);font-size:1em;--fontSize:45;line-height:var(--awb-typography1-line-height);\"><p style=\"text-align: center;\">Trabaja con Nosotros,<br \/>\n<strong style=\"font-weight: bold;\">Bolsa de Trabajo.<\/strong><\/p><\/h1><\/div><div class=\"fusion-separator fusion-full-width-sep\" style=\"align-self: center;margin-left: auto;margin-right: auto;margin-top:30px;width:100%;\"><\/div><div class=\"fusion-text fusion-text-1 fusion-text-no-margin\" style=\"--awb-content-alignment:left;--awb-font-size:24px;--awb-line-height:1.7;--awb-letter-spacing:0.008em;--awb-margin-top:0px;--awb-margin-bottom:40px;--awb-text-font-family:&quot;Manrope&quot;;--awb-text-font-style:normal;--awb-text-font-weight:300;\"><p>Tu vocaci\u00f3n puede cambiar el mundo de los adultos y adultos mayores. S\u00e9 parte de nuestro equipo.<\/p>\n<\/div><div style=\"text-align:center;\"><a class=\"fusion-button button-flat fusion-button-default-size button-default fusion-button-default button-1 fusion-button-default-span fusion-button-default-type\" target=\"_blank\" rel=\"noopener noreferrer\" href=\"#form_reclutamiento\"><span class=\"fusion-button-text awb-button__text awb-button__text--default\">S\u00e9 parte de nuestro equipo<\/span><\/a><\/div><\/div><\/div><div class=\"fusion-layout-column fusion_builder_column fusion-builder-column-2 fusion_builder_column_1_1 1_1 fusion-flex-column\" style=\"--awb-padding-top:20px;--awb-bg-size:cover;--awb-width-large:100%;--awb-margin-top-large:20px;--awb-spacing-right-large:3.84%;--awb-margin-bottom-large:0px;--awb-spacing-left-large:3.84%;--awb-width-medium:100%;--awb-order-medium:0;--awb-spacing-right-medium:3.84%;--awb-spacing-left-medium:3.84%;--awb-width-small:100%;--awb-order-small:0;--awb-spacing-right-small:1.92%;--awb-spacing-left-small:1.92%;\" data-scroll-devices=\"small-visibility,medium-visibility,large-visibility\"><div class=\"fusion-column-wrapper fusion-column-has-shadow fusion-flex-justify-content-flex-start fusion-content-layout-column\"><div class=\"fusion-builder-row fusion-builder-row-inner fusion-row fusion-flex-align-items-flex-start fusion-flex-justify-content-space-around fusion-flex-content-wrap\" style=\"--awb-flex-grow:0;--awb-flex-grow-medium:0;--awb-flex-grow-small:0;--awb-flex-shrink:0;--awb-flex-shrink-medium:0;--awb-flex-shrink-small:0;width:104% !important;max-width:104% !important;margin-left: calc(-4% \/ 2 );margin-right: calc(-4% \/ 2 );\"><div class=\"fusion-layout-column fusion_builder_column_inner fusion-builder-nested-column-0 fusion_builder_column_inner_1_1 1_1 fusion-flex-column\" style=\"--awb-padding-bottom:20px;--awb-bg-size:cover;--awb-width-large:100%;--awb-margin-top-large:0px;--awb-spacing-right-large:1.92%;--awb-margin-bottom-large:0px;--awb-spacing-left-large:1.92%;--awb-width-medium:100%;--awb-order-medium:0;--awb-spacing-right-medium:1.92%;--awb-spacing-left-medium:1.92%;--awb-width-small:100%;--awb-order-small:0;--awb-spacing-right-small:1.92%;--awb-spacing-left-small:1.92%;\" data-scroll-devices=\"small-visibility,medium-visibility,large-visibility\"><div class=\"fusion-column-wrapper fusion-column-has-shadow fusion-flex-justify-content-flex-start fusion-content-layout-block\"><div class=\"fusion-separator fusion-full-width-sep\" style=\"align-self: center;margin-left: auto;margin-right: auto;margin-top:30px;width:100%;\"><\/div><div class=\"fusion-image-element fusion-image-align-center in-legacy-container\" style=\"text-align:center;--awb-max-width:150px;--awb-caption-title-font-family:var(--h2_typography-font-family);--awb-caption-title-font-weight:var(--h2_typography-font-weight);--awb-caption-title-font-style:var(--h2_typography-font-style);--awb-caption-title-size:var(--h2_typography-font-size);--awb-caption-title-transform:var(--h2_typography-text-transform);--awb-caption-title-line-height:var(--h2_typography-line-height);--awb-caption-title-letter-spacing:var(--h2_typography-letter-spacing);\"><div class=\"imageframe-align-center\"><span class=\" fusion-imageframe imageframe-none imageframe-3 hover-type-none\" style=\"border-radius:12px;\"><img loading=\"lazy\" decoding=\"async\" width=\"1080\" height=\"1080\" src=\"https:\/\/visitingangels.com.mx\/queretaro\/wp-content\/uploads\/sites\/39\/2025\/05\/Qto-Blanco.png\" alt class=\"img-responsive wp-image-13292\" srcset=\"https:\/\/visitingangels.com.mx\/queretaro\/wp-content\/uploads\/sites\/39\/2025\/05\/Qto-Blanco-200x200.png 200w, https:\/\/visitingangels.com.mx\/queretaro\/wp-content\/uploads\/sites\/39\/2025\/05\/Qto-Blanco-400x400.png 400w, https:\/\/visitingangels.com.mx\/queretaro\/wp-content\/uploads\/sites\/39\/2025\/05\/Qto-Blanco-600x600.png 600w, https:\/\/visitingangels.com.mx\/queretaro\/wp-content\/uploads\/sites\/39\/2025\/05\/Qto-Blanco-800x800.png 800w, https:\/\/visitingangels.com.mx\/queretaro\/wp-content\/uploads\/sites\/39\/2025\/05\/Qto-Blanco.png 1080w\" sizes=\"auto, (max-width: 640px) 100vw, 1080px\" \/><\/span><\/div><\/div><div class=\"fusion-separator fusion-full-width-sep\" style=\"align-self: center;margin-left: auto;margin-right: auto;margin-top:20px;width:100%;\"><\/div><div class=\"fusion-text fusion-text-2\" style=\"--awb-font-size:32px;--awb-line-height:1em;--awb-letter-spacing:3px;--awb-text-color:var(--awb-custom10);--awb-margin-top:2px;--awb-margin-right:10px;--awb-text-font-family:&quot;Manrope&quot;;--awb-text-font-style:normal;--awb-text-font-weight:700;\"><p style=\"text-align: center;\">Beneficios de trabajar con nosotros:<\/p>\n<\/div><\/div><\/div><\/div><div class=\"fusion-separator fusion-full-width-sep\" style=\"align-self: center;margin-left: auto;margin-right: auto;margin-top:30px;width:100%;\"><\/div><\/div><\/div><div class=\"fusion-layout-column fusion_builder_column fusion-builder-column-3 fusion_builder_column_1_2 1_2 fusion-flex-column\" style=\"--awb-bg-size:cover;--awb-width-large:50%;--awb-margin-top-large:20px;--awb-spacing-right-large:3.84%;--awb-margin-bottom-large:20px;--awb-spacing-left-large:3.84%;--awb-width-medium:50%;--awb-order-medium:0;--awb-spacing-right-medium:3.84%;--awb-spacing-left-medium:3.84%;--awb-width-small:100%;--awb-order-small:0;--awb-spacing-right-small:1.92%;--awb-spacing-left-small:1.92%;\" data-scroll-devices=\"small-visibility,medium-visibility,large-visibility\"><div class=\"fusion-column-wrapper fusion-column-has-shadow fusion-flex-justify-content-flex-start fusion-content-layout-column\"><ul style=\"--awb-size:20px;--awb-iconcolor:#b9dde8;--awb-textcolor:var(--awb-custom10);--awb-line-height:34px;--awb-icon-width:34px;--awb-icon-height:34px;--awb-icon-margin:14px;--awb-content-margin:48px;--awb-circlecolor:var(--awb-custom10);--awb-circle-yes-font-size:17.6px;\" class=\"fusion-checklist fusion-checklist-1 fusion-checklist-default type-icons\"><li class=\"fusion-li-item\" style=\"\"><span class=\"icon-wrapper circle-yes\"><i class=\"fusion-li-icon fa-clock fas\" aria-hidden=\"true\"><\/i><\/span><div class=\"fusion-li-item-content\">\n<p>Flexibilidad de horarios.<\/p>\n<\/div><\/li><li class=\"fusion-li-item\" style=\"\"><span class=\"icon-wrapper circle-yes\"><i class=\"fusion-li-icon fa-users fas\" aria-hidden=\"true\"><\/i><\/span><div class=\"fusion-li-item-content\">Capacitaci\u00f3n constante gratuita (presencial y en l\u00ednea a trav\u00e9s de nuestra plataforma de e-learning).<\/div><\/li><li class=\"fusion-li-item\" style=\"\"><span class=\"icon-wrapper circle-yes\"><i class=\"fusion-li-icon fa-people-arrows fas\" aria-hidden=\"true\"><\/i><\/span><div class=\"fusion-li-item-content\">\n<p>Comunicaci\u00f3n fluida y constante entre trabajadores, staff y directivos.<\/p>\n<\/div><\/li><li class=\"fusion-li-item\" style=\"\"><span class=\"icon-wrapper circle-yes\"><i class=\"fusion-li-icon fa-book-open fas\" aria-hidden=\"true\"><\/i><\/span><div class=\"fusion-li-item-content\">\n<p>Transparencia.<\/p>\n<\/div><\/li><li class=\"fusion-li-item\" style=\"\"><span class=\"icon-wrapper circle-yes\"><i class=\"fusion-li-icon fa-user-check fas\" aria-hidden=\"true\"><\/i><\/span><div class=\"fusion-li-item-content\">\n<p class=\"p1\">Estabilidad laboral.<\/p>\n<\/div><\/li><li class=\"fusion-li-item\" style=\"\"><span class=\"icon-wrapper circle-yes\"><i class=\"fusion-li-icon fa-check fas\" aria-hidden=\"true\"><\/i><\/span><div class=\"fusion-li-item-content\">Prestaciones de ley.<\/div><\/li><li class=\"fusion-li-item\" style=\"\"><span class=\"icon-wrapper circle-yes\"><i class=\"fusion-li-icon fa-dollar-sign fas\" aria-hidden=\"true\"><\/i><\/span><div class=\"fusion-li-item-content\">\n<p>Sueldos asegurados.<\/p>\n<\/div><\/li><li class=\"fusion-li-item\" style=\"\"><span class=\"icon-wrapper circle-yes\"><i class=\"fusion-li-icon fa-money-bill-alt fas\" aria-hidden=\"true\"><\/i><\/span><div class=\"fusion-li-item-content\">Bonos trimestrales dando reconocimiento a su trabajo.<\/div><\/li><li class=\"fusion-li-item\" style=\"\"><span class=\"icon-wrapper circle-yes\"><i class=\"fusion-li-icon fa-hand-holding-heart fas\" aria-hidden=\"true\"><\/i><\/span><div class=\"fusion-li-item-content\">\n<p>Resoluci\u00f3n de problemas teniendo en cuenta el bienestar del Caregiver.<\/p>\n<\/div><\/li><li class=\"fusion-li-item\" style=\"\"><span class=\"icon-wrapper circle-yes\"><i class=\"fusion-li-icon fa-tshirt fas\" aria-hidden=\"true\"><\/i><\/span><div class=\"fusion-li-item-content\">\n<p class=\"p1\">Uniformes.<\/p>\n<\/div><\/li><\/ul><\/div><\/div><div class=\"fusion-layout-column fusion_builder_column fusion-builder-column-4 fusion_builder_column_1_2 1_2 fusion-flex-column fusion-flex-align-self-center\" style=\"--awb-bg-size:cover;--awb-width-large:50%;--awb-margin-top-large:20px;--awb-spacing-right-large:3.84%;--awb-margin-bottom-large:20px;--awb-spacing-left-large:3.84%;--awb-width-medium:50%;--awb-order-medium:0;--awb-spacing-right-medium:3.84%;--awb-spacing-left-medium:3.84%;--awb-width-small:100%;--awb-order-small:0;--awb-spacing-right-small:1.92%;--awb-spacing-left-small:1.92%;\" data-scroll-devices=\"small-visibility,medium-visibility,large-visibility\"><div class=\"fusion-column-wrapper fusion-column-has-shadow fusion-flex-justify-content-center fusion-content-layout-column\"><div class=\"fusion-image-element \" style=\"text-align:center;--awb-mask-url: url(https:\/\/visitingangels.com.mx\/queretaro\/wp-content\/plugins\/fusion-builder\/\/assets\/images\/masks\/mask-15.svg);--awb-mask-position: top center;--awb-max-width:500px;--awb-caption-title-font-family:var(--h2_typography-font-family);--awb-caption-title-font-weight:var(--h2_typography-font-weight);--awb-caption-title-font-style:var(--h2_typography-font-style);--awb-caption-title-size:var(--h2_typography-font-size);--awb-caption-title-transform:var(--h2_typography-text-transform);--awb-caption-title-line-height:var(--h2_typography-line-height);--awb-caption-title-letter-spacing:var(--h2_typography-letter-spacing);\"><span class=\" fusion-imageframe imageframe-none imageframe-4 hover-type-none has-mask\"><img loading=\"lazy\" decoding=\"async\" width=\"1707\" height=\"1290\" src=\"https:\/\/visitingangels.com.mx\/queretaro\/wp-content\/uploads\/sites\/39\/2025\/05\/Visiting-Angels-JPG-126-scaled-e1742411729716.jpg\" alt class=\"img-responsive wp-image-13291\" srcset=\"https:\/\/visitingangels.com.mx\/queretaro\/wp-content\/uploads\/sites\/39\/2025\/05\/Visiting-Angels-JPG-126-scaled-e1742411729716-200x151.jpg 200w, https:\/\/visitingangels.com.mx\/queretaro\/wp-content\/uploads\/sites\/39\/2025\/05\/Visiting-Angels-JPG-126-scaled-e1742411729716-400x302.jpg 400w, https:\/\/visitingangels.com.mx\/queretaro\/wp-content\/uploads\/sites\/39\/2025\/05\/Visiting-Angels-JPG-126-scaled-e1742411729716-600x453.jpg 600w, https:\/\/visitingangels.com.mx\/queretaro\/wp-content\/uploads\/sites\/39\/2025\/05\/Visiting-Angels-JPG-126-scaled-e1742411729716-800x605.jpg 800w, https:\/\/visitingangels.com.mx\/queretaro\/wp-content\/uploads\/sites\/39\/2025\/05\/Visiting-Angels-JPG-126-scaled-e1742411729716-1200x907.jpg 1200w, https:\/\/visitingangels.com.mx\/queretaro\/wp-content\/uploads\/sites\/39\/2025\/05\/Visiting-Angels-JPG-126-scaled-e1742411729716.jpg 1707w\" sizes=\"auto, (max-width: 640px) 100vw, 600px\" \/><\/span><\/div><div class=\"fusion-separator fusion-full-width-sep\" style=\"align-self: center;margin-left: auto;margin-right: auto;margin-top:40px;width:100%;\"><\/div><div style=\"text-align:center;\"><a class=\"fusion-button button-flat fusion-button-default-size button-default fusion-button-default button-2 fusion-button-default-span fusion-button-default-type\" target=\"_blank\" rel=\"noopener noreferrer\" href=\"#form_reclutamiento\"><span class=\"fusion-button-text awb-button__text awb-button__text--default\">S\u00e9 parte de nuestro equipo<\/span><\/a><\/div><\/div><\/div><\/div><\/div>\n","protected":false},"excerpt":{"rendered":"","protected":false},"author":1,"featured_media":0,"parent":0,"menu_order":0,"comment_status":"closed","ping_status":"closed","template":"100-width.php","meta":{"episode_type":"","audio_file":"","cover_image":"","cover_image_id":"","duration":"","filesize":"","date_recorded":"","explicit":"","block":"","itunes_episode_number":"","itunes_title":"","itunes_season_number":"","itunes_episode_type":"","filesize_raw":"","footnotes":""},"class_list":["post-13246","page","type-page","status-publish","hentry"],"aioseo_notices":[],"_links":{"self":[{"href":"https:\/\/visitingangels.com.mx\/queretaro\/wp-json\/wp\/v2\/pages\/13246","targetHints":{"allow":["GET"]}}],"collection":[{"href":"https:\/\/visitingangels.com.mx\/queretaro\/wp-json\/wp\/v2\/pages"}],"about":[{"href":"https:\/\/visitingangels.com.mx\/queretaro\/wp-json\/wp\/v2\/types\/page"}],"author":[{"embeddable":true,"href":"https:\/\/visitingangels.com.mx\/queretaro\/wp-json\/wp\/v2\/users\/1"}],"replies":[{"embeddable":true,"href":"https:\/\/visitingangels.com.mx\/queretaro\/wp-json\/wp\/v2\/comments?post=13246"}],"version-history":[{"count":4,"href":"https:\/\/visitingangels.com.mx\/queretaro\/wp-json\/wp\/v2\/pages\/13246\/revisions"}],"predecessor-version":[{"id":13322,"href":"https:\/\/visitingangels.com.mx\/queretaro\/wp-json\/wp\/v2\/pages\/13246\/revisions\/13322"}],"wp:attachment":[{"href":"https:\/\/visitingangels.com.mx\/queretaro\/wp-json\/wp\/v2\/media?parent=13246"}],"curies":[{"name":"wp","href":"https:\/\/api.w.org\/{rel}","templated":true}]}}